{"id":511,"date":"2016-10-24T03:00:08","date_gmt":"2016-10-24T03:00:08","guid":{"rendered":"https:\/\/www.mfp.econo.unlp.edu.ar\/?page_id=511"},"modified":"2016-10-30T01:02:50","modified_gmt":"2016-10-30T01:02:50","slug":"objetivos","status":"publish","type":"page","link":"https:\/\/www.mfp.econo.unlp.edu.ar\/index.php\/maestria\/objetivos\/","title":{"rendered":"OBJETIVO"},"content":{"rendered":"<p>[vc_row][vc_column css=\u00bb.vc_custom_1477767544341{background: #ededed url(https:\/\/www.mfp.econo.unlp.edu.ar\/wp-content\/uploads\/2016\/10\/header-general-lista.jpg?id=613) !important;}\u00bb]<div class=\"dt-title-wrapper\"><h1 class=\"section-title\">OBJETIVO<\/h1><\/div>[\/vc_column][\/vc_row][vc_row][vc_column css=\u00bb.vc_custom_1477285046850{border-left-width: 50px !important;padding-right: 50px !important;}\u00bb][vc_column_text]<\/p>\n<blockquote><p>El objetivo central de la Maestr\u00eda es dotar a los profesionales de las capacidades y herramientas para el estudio del sector p\u00fablico. Se espera que los egresados est\u00e9n en condiciones de:<\/p>\n<ul>\n<li>Obtener una mirada integral de la problem\u00e1tica del sector p\u00fablico<\/li>\n<li>Entender y abordar el dise\u00f1o y evaluaci\u00f3n de pol\u00edticas p\u00fablicas<\/li>\n<li>Adquirir capacidades que les permita desempe\u00f1arse en las distintas \u00e1reas del sector p\u00fablico<\/li>\n<li>Desempe\u00f1ar tareas de docencia e investigaci\u00f3n en temas relacionados con las finanzas p\u00fablicas<\/li>\n<\/ul>\n<\/blockquote>\n<p>[\/vc_column_text][\/vc_column][\/vc_row][vc_row][vc_column][\/vc_column][\/vc_row][vc_row][vc_column]<div style=\"clear:both; width:100%; height:60px\"><\/div>[\/vc_column][\/vc_row][vc_row][vc_column]<div style=\"clear:both; width:100%; height:60px\"><\/div><div style=\"clear:both; width:100%; height:60px\"><\/div>[\/vc_column][\/vc_row][vc_row][vc_column]<div style=\"clear:both; width:100%; height:60px\"><\/div>[\/vc_column][\/vc_row][vc_row][vc_column]<div style=\"clear:both; width:100%; height:60px\"><\/div>[\/vc_column][\/vc_row]<\/p>\n","protected":false},"excerpt":{"rendered":"<p>[vc_row][vc_column css=\u00bb.vc_custom_1477767544341{background: #ededed url(https:\/\/www.mfp.econo.unlp.edu.ar\/wp-content\/uploads\/2016\/10\/header-general-lista.jpg?id=613) !important;}\u00bb][\/vc_column][\/vc_row][vc_row][vc_column css=\u00bb.vc_custom_1477285046850{border-left-width: 50px !important;padding-right: 50px !important;}\u00bb][vc_column_text] El objetivo central de la Maestr\u00eda es dotar a los profesionales de las capacidades y&#8230;<\/p>\n<p class=\"readmore\"><a class=\"more-btn\" href=\"https:\/\/www.mfp.econo.unlp.edu.ar\/index.php\/maestria\/objetivos\/\">Ver<\/a><\/p>\n","protected":false},"author":1,"featured_media":0,"parent":498,"menu_order":0,"comment_status":"closed","ping_status":"closed","template":"","meta":{"jetpack_post_was_ever_published":false},"jetpack_sharing_enabled":true,"jetpack_shortlink":"https:\/\/wp.me\/P86ov1-8f","_links":{"self":[{"href":"https:\/\/www.mfp.econo.unlp.edu.ar\/index.php\/wp-json\/wp\/v2\/pages\/511"}],"collection":[{"href":"https:\/\/www.mfp.econo.unlp.edu.ar\/index.php\/wp-json\/wp\/v2\/pages"}],"about":[{"href":"https:\/\/www.mfp.econo.unlp.edu.ar\/index.php\/wp-json\/wp\/v2\/types\/page"}],"author":[{"embeddable":true,"href":"https:\/\/www.mfp.econo.unlp.edu.ar\/index.php\/wp-json\/wp\/v2\/users\/1"}],"replies":[{"embeddable":true,"href":"https:\/\/www.mfp.econo.unlp.edu.ar\/index.php\/wp-json\/wp\/v2\/comments?post=511"}],"version-history":[{"count":7,"href":"https:\/\/www.mfp.econo.unlp.edu.ar\/index.php\/wp-json\/wp\/v2\/pages\/511\/revisions"}],"predecessor-version":[{"id":778,"href":"https:\/\/www.mfp.econo.unlp.edu.ar\/index.php\/wp-json\/wp\/v2\/pages\/511\/revisions\/778"}],"up":[{"embeddable":true,"href":"https:\/\/www.mfp.econo.unlp.edu.ar\/index.php\/wp-json\/wp\/v2\/pages\/498"}],"wp:attachment":[{"href":"https:\/\/www.mfp.econo.unlp.edu.ar\/index.php\/wp-json\/wp\/v2\/media?parent=511"}],"curies":[{"name":"wp","href":"https:\/\/api.w.org\/{rel}","templated":true}]}}