{"id":520,"date":"2016-10-24T03:08:56","date_gmt":"2016-10-24T03:08:56","guid":{"rendered":"https:\/\/www.mfp.econo.unlp.edu.ar\/?page_id=520"},"modified":"2023-11-14T12:44:39","modified_gmt":"2023-11-14T12:44:39","slug":"docentes","status":"publish","type":"page","link":"https:\/\/www.mfp.econo.unlp.edu.ar\/index.php\/maestria\/docentes\/","title":{"rendered":"CUERPO DOCENTE"},"content":{"rendered":"<p>[vc_row][vc_column css=\u00bb.vc_custom_1477767659324{background: #ededed url(https:\/\/www.mfp.econo.unlp.edu.ar\/wp-content\/uploads\/2016\/10\/header-general-lista.jpg?id=613) !important;}\u00bb]<div class=\"dt-title-wrapper\"><h1 class=\"section-title\">CUERPO DOCENTE<\/h1><\/div>[\/vc_column][\/vc_row][vc_row][vc_column]<div style=\"clear:both; width:100%; height:60px\"><\/div>[\/vc_column][\/vc_row][vc_row][vc_column width=\u00bb1\/3&#8243; css=\u00bb.vc_custom_1477788160995{padding-top: 0px !important;padding-right: 0px !important;padding-bottom: 0px !important;padding-left: 0px !important;}\u00bb][vc_column_text]<\/p>\n<blockquote><p><strong>Bert\u00edn, Hugo<br \/>\n<\/strong>Mg. en Ciencias Pol\u00edticas UNLP<\/p>\n<p><strong>Ciaschi, Mat\u00edas<br \/>\n<\/strong>Dr. en Econom\u00eda UNLP<\/p>\n<p><strong>Coleff, Joaqu\u00edn<br \/>\n<\/strong>Ph.D at Universidad Carlos III de Madrid<\/p>\n<p><strong>Crosta Facundo<br \/>\n<\/strong>Dr. en Econom\u00eda UNLP<\/p>\n<p><strong>Di Gresia, Luciano Mario<br \/>\n<\/strong>Dr. en Econom\u00eda UNLP<\/p>\n<p><strong>Epele, Nicol\u00e1s<br \/>\n<\/strong>Mg. en Econom\u00eda UNLP<\/p>\n<p><strong>F\u00e9lix, N\u00e9stor Alejandro<br \/>\n<\/strong>Mg. en Finanzas P\u00fablicas Provinciales y Municipales UNLP<\/p>\n<p><strong>Freille, Sebasti\u00e1n<br \/>\n<\/strong>Ph. D in Economics Nottinham University<\/p>\n<p><strong>Garay Carlos<br \/>\n<\/strong>Dr. en Filosof\u00eda UNLP<\/p><\/blockquote>\n<p>[\/vc_column_text][\/vc_column][vc_column width=\u00bb1\/3&#8243; css=\u00bb.vc_custom_1477788184363{padding-left: 0px !important;}\u00bb][vc_column_text]<\/p>\n<blockquote><p><strong>Garegnani, Mar\u00eda Lorena<br \/>\n<\/strong>Dra. en Econom\u00eda UNLP<\/p>\n<p><strong>Garganta, Santiago<\/strong><br \/>\nDr. en Econom\u00eda UNLP<\/p>\n<p><strong>Garriga, Marcelo Jorge<br \/>\n<\/strong>Mg. en Econom\u00eda Universidad Torcuato Di Tella<\/p>\n<p><strong>Gasparini, Leonardo Carlos<br \/>\n<\/strong>Ph.D Princenton University<\/p>\n<p><strong>Gluzmann, Pablo<br \/>\n<\/strong>Dr. en Econom\u00eda UNLP<\/p>\n<p><strong>Guardarucci, Isidro <\/strong><br \/>\nCandidato a Dr. en Econom\u00eda UNLP<\/p>\n<p><strong>Mercadier, Augusto Carlos<br \/>\n<\/strong>Mg. Maestr\u00eda en Econom\u00eda UNLP<\/p>\n<p><strong>Onofri, Alejandro Oscar<br \/>\n<\/strong>Ph.D in Agrucultural Economics, University of Nebraska- Lincoln<\/p>\n<p><strong>Puig, Jorge Pablo<br \/>\n<\/strong>Dr. en Econom\u00eda UNLP<\/p><\/blockquote>\n<p>[\/vc_column_text][\/vc_column][vc_column width=\u00bb1\/3&#8243; css=\u00bb.vc_custom_1477788282960{padding: 0px !important;}\u00bb][vc_column_text]<\/p>\n<blockquote><p><strong>Porto, Alberto<\/strong><br \/>\nDr. en Ciencias Econ\u00f3micas UNLP<\/p>\n<p><strong>Rosales, Walter Rub\u00e9n<\/strong><br \/>\nMg. en Finanzas P\u00fablicas Provinciales y Municipales UNLP<\/p>\n<p><strong>Sabignoso, Mart\u00edn<\/strong><br \/>\nMg.en Derecho empresario Universidad Austral<\/p>\n<p><strong>Sibilla, Gustavo<\/strong><br \/>\nMg. en Relaciones Internacionales Universidad de San Andr\u00e9s<\/p>\n<p><strong>Tornarolli, Leopoldo <\/strong><br \/>\nMg. en Econom\u00eda UNLP<\/p>\n<p><strong>V\u00e1zquez, Emmanuel Jos\u00e9 <\/strong><br \/>\nDr. en Econom\u00eda UNLP<\/p>\n<p><strong>Zoloa, Juan Ignacio<\/strong><br \/>\nDr. en Ciencias Econ\u00f3micas UNLP<\/p>\n<p><strong>Zuccalli, Marcela<\/strong><br \/>\nDra. en Matem\u00e1ticas UNLP<\/p><\/blockquote>\n<p>[\/vc_column_text][\/vc_column][\/vc_row]<\/p>\n","protected":false},"excerpt":{"rendered":"<p>[vc_row][vc_column css=\u00bb.vc_custom_1477767659324{background: #ededed url(https:\/\/www.mfp.econo.unlp.edu.ar\/wp-content\/uploads\/2016\/10\/header-general-lista.jpg?id=613) !important;}\u00bb][\/vc_column][\/vc_row][vc_row][vc_column][\/vc_column][\/vc_row][vc_row][vc_column width=\u00bb1\/3&#8243; css=\u00bb.vc_custom_1477788160995{padding-top: 0px !important;padding-right: 0px !important;padding-bottom: 0px !important;padding-left: 0px !important;}\u00bb][vc_column_text] Bert\u00edn, Hugo Mg. en Ciencias Pol\u00edticas UNLP Ciaschi, Mat\u00edas Dr&#8230;.<\/p>\n<p class=\"readmore\"><a class=\"more-btn\" href=\"https:\/\/www.mfp.econo.unlp.edu.ar\/index.php\/maestria\/docentes\/\">Ver<\/a><\/p>\n","protected":false},"author":1,"featured_media":0,"parent":498,"menu_order":0,"comment_status":"closed","ping_status":"closed","template":"","meta":{"jetpack_post_was_ever_published":false},"jetpack_sharing_enabled":true,"jetpack_shortlink":"https:\/\/wp.me\/P86ov1-8o","_links":{"self":[{"href":"https:\/\/www.mfp.econo.unlp.edu.ar\/index.php\/wp-json\/wp\/v2\/pages\/520"}],"collection":[{"href":"https:\/\/www.mfp.econo.unlp.edu.ar\/index.php\/wp-json\/wp\/v2\/pages"}],"about":[{"href":"https:\/\/www.mfp.econo.unlp.edu.ar\/index.php\/wp-json\/wp\/v2\/types\/page"}],"author":[{"embeddable":true,"href":"https:\/\/www.mfp.econo.unlp.edu.ar\/index.php\/wp-json\/wp\/v2\/users\/1"}],"replies":[{"embeddable":true,"href":"https:\/\/www.mfp.econo.unlp.edu.ar\/index.php\/wp-json\/wp\/v2\/comments?post=520"}],"version-history":[{"count":18,"href":"https:\/\/www.mfp.econo.unlp.edu.ar\/index.php\/wp-json\/wp\/v2\/pages\/520\/revisions"}],"predecessor-version":[{"id":2072,"href":"https:\/\/www.mfp.econo.unlp.edu.ar\/index.php\/wp-json\/wp\/v2\/pages\/520\/revisions\/2072"}],"up":[{"embeddable":true,"href":"https:\/\/www.mfp.econo.unlp.edu.ar\/index.php\/wp-json\/wp\/v2\/pages\/498"}],"wp:attachment":[{"href":"https:\/\/www.mfp.econo.unlp.edu.ar\/index.php\/wp-json\/wp\/v2\/media?parent=520"}],"curies":[{"name":"wp","href":"https:\/\/api.w.org\/{rel}","templated":true}]}}