{"id":539,"date":"2016-10-24T03:54:03","date_gmt":"2016-10-24T03:54:03","guid":{"rendered":"https:\/\/www.mfp.econo.unlp.edu.ar\/?page_id=539"},"modified":"2024-11-27T13:42:58","modified_gmt":"2024-11-27T13:42:58","slug":"inscripcion","status":"publish","type":"page","link":"https:\/\/www.mfp.econo.unlp.edu.ar\/index.php\/alumnos\/inscripcion\/","title":{"rendered":"INSCRIPCI\u00d3N"},"content":{"rendered":"<p>[vc_row][vc_column css=\u00bb.vc_custom_1477664965736{background: #ededed url(https:\/\/www.mfp.econo.unlp.edu.ar\/wp-content\/uploads\/2016\/10\/header-general-lista.jpg?id=613) !important;}\u00bb]<div class=\"dt-title-wrapper\"><h1 class=\"section-title\">INSCRIPCI\u00d3N<\/h1><\/div>[\/vc_column][\/vc_row][vc_row][vc_column width=\u00bb1\/2&#8243; css=\u00bb.vc_custom_1477783712362{margin-top: 40px !important;margin-left: 20px !important;}\u00bb][vc_column_text css=\u00bb.vc_custom_1699966234994{padding-top: 20px !important;padding-right: 20px !important;padding-bottom: 20px !important;padding-left: 20px !important;background-color: #ffffff !important;}\u00bb]<\/p>\n<h2><strong>Maestr\u00eda en Finanzas P\u00fablicas Provinciales y Municipales<\/strong><br \/>\nINICIO 2025 (31\u00ba cohorte)<\/h2>\n<p><strong>Marzo 2025<\/strong>: Cursos nivelatorios de Econom\u00eda, Matem\u00e1tica y Estad\u00edstica. Obligatorios para No Economistas. No obligatorios pero recomendados para Economistas. <em><strong>Plazo de inscripci\u00f3n hasta 15 d\u00edas antes del comienzo del trimestre<\/strong><\/em><\/p>\n<p><strong>Mayo 2025<\/strong>: ingreso para Economistas \u00fanicamente. <em><strong>Plazo de inscripci\u00f3n hasta 15 d\u00edas antes del comienzo del trimestre<\/strong><\/em>[\/vc_column_text][vc_column_text css=\u00bb.vc_custom_1636474457873{padding-top: 20px !important;padding-right: 20px !important;padding-bottom: 20px !important;padding-left: 20px !important;background-color: #d4d4d4 !important;}\u00bb]<\/p>\n<h2>REQUISITOS DE INSCRIPCI\u00d3N<\/h2>\n<hr \/>\n<p><span style=\"color: #000000;\">\u2192 Ficha de Inscripci\u00f3n completa \u00a0|\u00a0<a style=\"color: #000000;\" href=\"https:\/\/www.mfp.econo.unlp.edu.ar\/wp-content\/uploads\/2016\/10\/FORMULARIO-DE-INSCRIPCI\u00d3N.doc\" target=\"_blank\" rel=\"noopener\"><img decoding=\"async\" loading=\"lazy\" class=\"alignnone wp-image-618\" src=\"https:\/\/www.mfp.econo.unlp.edu.ar\/wp-content\/uploads\/2016\/10\/FileDL.png\" alt=\"filedl\" width=\"20\" height=\"20\" \/>\u00a0<\/a><strong><a href=\"https:\/\/www.mfp.econo.unlp.edu.ar\/wp-content\/uploads\/2021\/11\/InscripcionMFP.doc\">Descargar aqu\u00ed<\/a><\/strong><\/span><\/p>\n<p><span style=\"color: #000000;\">\u2192 \u00a0Copia del t\u00edtulo de grado (o certificado de t\u00edtulo en tr\u00e1mite)<\/span><\/p>\n<p><span style=\"color: #000000;\">\u2192 \u00a0Certificado anal\u00edtico de los cursos de la carrera de grado, donde conste el promedio con y sin aplazos. Si el promedio est\u00e1 expresado en una escala distinta a la de 1 a 10 puntos, deber\u00e1 presentar un documento oficial con la conversi\u00f3n del promedio a dicha escala.<\/span><\/p>\n<p><span style=\"color: #000000;\">\u2192 \u00a0Dos cartas de referencia donde se detallen las condiciones del postulante. Un modelo propuesto de carta de referencia puede descargarse de <strong><a href=\"https:\/\/www.mfp.econo.unlp.edu.ar\/wp-content\/uploads\/2016\/11\/modelo_de_carta_de_referencia___posgrados_en_economia_unlp.pdf\">aqu\u00ed<\/a><\/strong>.<\/span><\/p>\n<p><span style=\"color: #000000;\">\u2192 \u00a0Curriculum vitae actualizado<\/span><\/p>\n<p><span style=\"color: #000000;\">\u2192 \u00a0DNI escaneado de ambos lados<\/span><\/p>\n<p><span style=\"color: #000000;\">\u2192 \u00a0Foto<\/span>[\/vc_column_text][vc_message message_box_color=\u00bbblack\u00bb icon_fontawesome=\u00bbfa fa-chevron-right\u00bb]<\/p>\n<h3><span style=\"color: #ffffff;\">Para inscribirse a la Maestr\u00eda, es necesario enviar la siguiente documentaci\u00f3n en formato electr\u00f3nico a magisterfp@econo.unlp.edu.ar<\/span><\/h3>\n<p>[\/vc_message][\/vc_column][\/vc_row]<\/p>\n","protected":false},"excerpt":{"rendered":"<p>[vc_row][vc_column css=\u00bb.vc_custom_1477664965736{background: #ededed url(https:\/\/www.mfp.econo.unlp.edu.ar\/wp-content\/uploads\/2016\/10\/header-general-lista.jpg?id=613) !important;}\u00bb][\/vc_column][\/vc_row][vc_row][vc_column width=\u00bb1\/2&#8243; css=\u00bb.vc_custom_1477783712362{margin-top: 40px !important;margin-left: 20px !important;}\u00bb][vc_column_text css=\u00bb.vc_custom_1699966234994{padding-top: 20px !important;padding-right: 20px !important;padding-bottom: 20px !important;padding-left: 20px !important;background-color: #ffffff !important;}\u00bb] Maestr\u00eda en Finanzas&#8230;<\/p>\n<p class=\"readmore\"><a class=\"more-btn\" href=\"https:\/\/www.mfp.econo.unlp.edu.ar\/index.php\/alumnos\/inscripcion\/\">Ver<\/a><\/p>\n","protected":false},"author":1,"featured_media":0,"parent":537,"menu_order":0,"comment_status":"closed","ping_status":"closed","template":"","meta":{"jetpack_post_was_ever_published":false},"jetpack_sharing_enabled":true,"jetpack_shortlink":"https:\/\/wp.me\/P86ov1-8H","_links":{"self":[{"href":"https:\/\/www.mfp.econo.unlp.edu.ar\/index.php\/wp-json\/wp\/v2\/pages\/539"}],"collection":[{"href":"https:\/\/www.mfp.econo.unlp.edu.ar\/index.php\/wp-json\/wp\/v2\/pages"}],"about":[{"href":"https:\/\/www.mfp.econo.unlp.edu.ar\/index.php\/wp-json\/wp\/v2\/types\/page"}],"author":[{"embeddable":true,"href":"https:\/\/www.mfp.econo.unlp.edu.ar\/index.php\/wp-json\/wp\/v2\/users\/1"}],"replies":[{"embeddable":true,"href":"https:\/\/www.mfp.econo.unlp.edu.ar\/index.php\/wp-json\/wp\/v2\/comments?post=539"}],"version-history":[{"count":33,"href":"https:\/\/www.mfp.econo.unlp.edu.ar\/index.php\/wp-json\/wp\/v2\/pages\/539\/revisions"}],"predecessor-version":[{"id":2141,"href":"https:\/\/www.mfp.econo.unlp.edu.ar\/index.php\/wp-json\/wp\/v2\/pages\/539\/revisions\/2141"}],"up":[{"embeddable":true,"href":"https:\/\/www.mfp.econo.unlp.edu.ar\/index.php\/wp-json\/wp\/v2\/pages\/537"}],"wp:attachment":[{"href":"https:\/\/www.mfp.econo.unlp.edu.ar\/index.php\/wp-json\/wp\/v2\/media?parent=539"}],"curies":[{"name":"wp","href":"https:\/\/api.w.org\/{rel}","templated":true}]}}