{"id":714,"date":"2016-10-29T20:17:57","date_gmt":"2016-10-29T20:17:57","guid":{"rendered":"https:\/\/www.mfp.econo.unlp.edu.ar\/?page_id=714"},"modified":"2023-04-04T12:09:41","modified_gmt":"2023-04-04T12:09:41","slug":"serie-de-estudios-en-finanzas-publicas","status":"publish","type":"page","link":"https:\/\/www.mfp.econo.unlp.edu.ar\/index.php\/cefip\/serie-de-estudios-en-finanzas-publicas\/","title":{"rendered":"SERIE DE ESTUDIOS EN FINANZAS PUBLICAS"},"content":{"rendered":"<p>[vc_row][vc_column css=\u00bb.vc_custom_1477767659324{background: #ededed url(https:\/\/www.mfp.econo.unlp.edu.ar\/wp-content\/uploads\/2016\/10\/header-general-lista.jpg?id=613) !important;}\u00bb]<div class=\"dt-title-wrapper\"><h1 class=\"section-title\">CENTRO DE ESTUDIOS EN FINANZAS P\u00daBLICAS<\/h1><\/div>[\/vc_column][\/vc_row][vc_row][vc_column css=\u00bb.vc_custom_1477776739589{background-color: #3c3c3c !important;}\u00bb][vc_column_text]<\/p>\n<h1 style=\"text-align: center;\"><span style=\"color: #ffffff;\">SERIE DE ESTUDIOS EN FINANZAS PUBLICAS<\/span><\/h1>\n<p>[\/vc_column_text][\/vc_column][\/vc_row][vc_row dt_row_type=\u00bbin_container\u00bb][vc_column css=\u00bb.vc_custom_1477777103090{padding-top: 40px !important;padding-right: 40px !important;padding-bottom: 0px !important;padding-left: 40px !important;background-color: #ffffff !important;}\u00bb][vc_column_text]<\/p>\n<h2 style=\"text-align: left;\">La Serie de Estudios en Finanzas P\u00fablicas est\u00e1 destinada a presentar trabajos de investigaci\u00f3n realizados en el marco del Instituto de Investigaciones de la Maestr\u00eda en Finanzas P\u00fablicas Provinciales y Municipales y los mejores trabajos de tesis de esa Maestr\u00eda.<\/h2>\n<p>[\/vc_column_text][\/vc_column][\/vc_row][vc_row dt_row_type=\u00bbin_container\u00bb][vc_column css=\u00bb.vc_custom_1477777126900{padding-top: 0px !important;padding-right: 40px !important;padding-bottom: 40px !important;padding-left: 40px !important;}\u00bb][vc_column_text]N\u00ba 1 Braceli, O.:\u00bbObjetivos, importancia, e impacto en Naci\u00f3n y Provincia de los Pactos Fiscales\u00bb. Finalizaci\u00f3n A\u00f1o 1996.<\/p>\n<p>N\u00ba 2 Costa, A. y otros: \u00abDiagn\u00f3stico y an\u00e1lisis de alternativas que regulan la administraci\u00f3n fiscal entre la Provincia de Santa Fe y sus municipios\u00bb. Finalizaci\u00f3n A\u00f1o 1994.<\/p>\n<p>N\u00ba 3 Lima Quintana y otros: \u00abAn\u00e1lisis del costo de efectividad del CUCAIBA de la Provincia de Buenos Aires\u00bb.Finalizaci\u00f3n A\u00f1o 1995.<\/p>\n<p>N\u00ba 4 Nazareno, J.: \u00abExperiencias de descentralizaci\u00f3n de recursos y gastos en la Provincia de C\u00f3rdoba\u00bb. Finalizaci\u00f3n A\u00f1o 1994.<\/p>\n<p>N\u00ba 5 Ochoa, C. y otros: \u00abEl Programa de descentralizaci\u00f3n administrativa-tributaria de la Provincia de Buenos Aires\u00bb. Finalizaci\u00f3n A\u00f1o 1994.<\/p>\n<p>N\u00ba 6 Sbatella, J. y otros: \u00abVerificaci\u00f3n del comportamiento de las finanzas de los municipios del Conurbano Bonaerense\u00bb. Finalizaci\u00f3n A\u00f1o 1995.<\/p>\n<p>N\u00ba 7 Vega, J. y otros: \u00abEvaluaci\u00f3n del presupuesto por resultado y por programas\u00bb. Finalizaci\u00f3n A\u00f1o 1995.<\/p>\n<p>N\u00ba 8 Elizagaray, A. y Ayudantes del Instituto: \u00abRecursos y gastos corrientes y de capital de los 126 municipios de la Provincia de Buenos Aires, 1970-1992&#8243;. Finalizaci\u00f3n A\u00f1o 1997 y en actualizaci\u00f3n a\u00f1os siguientes.<\/p>\n<p>N\u00ba 9 Asensio M. A.:\u00bbEl Federalismo fiscal en un marco comparado y el caso Argentino\u00bb. Finalizaci\u00f3n A\u00f1o 1997.<\/p>\n<p>N\u00ba 10 Sanguinetti, P. y Tommasi M.: \u00abLos determinantes econ\u00f3micos e institucionales de los d\u00e9ficits en los presupuestos provinciales: Argentina 1983-1995&#8243;. Finalizaci\u00f3n A\u00f1o 1997.<\/p>\n<p>N\u00ba 11 Braceli, O.: \u00bb Indicadores de eficiencia del gasto p\u00fablico nacional\u00bb. Finalizaci\u00f3n A\u00f1o 1997.<\/p>\n<p>N\u00ba 12 Iacobucci P. y Rocha S. : \u00abAn\u00e1lisis de la distribuci\u00f3n de impuestos coparticipables a municipios seg\u00fan indicadores de salud\u00bb. Finalizaci\u00f3n A\u00f1o 1997.<\/p>\n<p>N\u00ba 13 Gasparini, L :\u00bb El financiamiento de los municipios. Eficiencia y equidad\u00bb. Finalizaci\u00f3n A\u00f1o 1997.<\/p>\n<p>N\u00ba 14 Llach, J :\u00bb El crecimiento econ\u00f3mico regional. El papel de los complejos productivos basados en los recursos naturales\u00bb. Finalizaci\u00f3n A\u00f1o 1998.<\/p>\n<p>N\u00ba 15 Conte Grand, M.: \u201cFederalismo y regulaci\u00f3n de los residuos peligrosos: el caso de Argentina\u201d. Finalizaci\u00f3n a\u00f1o 1998.<\/p>\n<p>N\u00ba 16 Bebczuk, R.: \u201cEl financiamiento de las inversiones del sector p\u00fablico provincial\u201d. Finalizaci\u00f3n a\u00f1o 1999.<\/p>\n<p>N\u00ba 17 Di Gresia, L.: El uso de Internet como herramienta para los gobiernos locales y la investigaci\u00f3n en Finanzas P\u00fablicas Locales\u201d. Finalizaci\u00f3n a\u00f1o 1999.<\/p>\n<p>N\u00ba 18 Porto, N.: \u201cUna nueva actividad para el desarrollo regional: el turismo como alternativa de crecimiento de las provincias argentinas\u201d. Finalizaci\u00f3n a\u00f1o 2000.<\/p>\n<p>N\u00ba 19 Beccaria, L. (en colaboraci\u00f3n con Altimir, O. y Gonz\u00e1lez Rozada, M.): \u201cLa evoluci\u00f3n de la distribuci\u00f3n del ingreso familiar en Argentina. Un an\u00e1lisis de sus determinantes\u201d. Finalizaci\u00f3n a\u00f1o 2000<\/p>\n<p>N\u00ba 20 Porto, A. (en colaboraci\u00f3n con Brambilla, I. y Porto, G.): \u201cDiferencias salariales Interprovinciales\u201d. Finalizaci\u00f3n a\u00f1o 2000.<\/p>\n<p>N\u00ba 21 Sosa Escudero, W. (en colaboraci\u00f3n con Marchionni, M.): \u201cLos determinantes de la decisi\u00f3n de escolarizaci\u00f3n\u201d. Finalizaci\u00f3n a\u00f1o 2000.<\/p>\n<p>N\u00ba 22 Sanguinetti P. y Tommasi M.: \u201cLa Conducta Fiscal de los Gobiernos Municipales en Argentina\u201d. Finalizaci\u00f3n A\u00f1o 2000.<\/p>\n<p>N\u00ba 23 Porto Guido: \u201cEfectos distributivos de la pol\u00edtica comercial en Argentina. Aspectos regionales y nacionales\u201d . Finalizaci\u00f3n A\u00f1o 2001.<\/p>\n<p>N\u00ba 24 Berretoni, Daniel: (en colaboraci\u00f3n con Cicowiez, M.).: \u201cLa econom\u00eda bonaerense frente al proceso de integraci\u00f3n continental: posibles impactos bajo la conformaci\u00f3n del ALCA\u201d Finalizaci\u00f3n A\u00f1o 2001.<\/p>\n<p>N\u00ba 25 Barbieri, Nelly Catalina (en colaboraci\u00f3n con de la Puente, C. y Tarragona, S.).: \u201cLa equidad en el gasto p\u00fablico en salud. An\u00e1lisis de una pol\u00edtica p\u00fablica alternativa\u201d.<\/p>\n<p>N\u00ba 26 Berlinski, J.: \u201cLimitaciones al crecimiento econ\u00f3mico regional argentino. El caso de las restricciones no arancelarias a las exportaciones de arroz al Brasil\u201d.<\/p>\n<p>N\u00ba 27 Trap\u00e9, A. Botteon C. y Molina, R.: \u201cAutonom\u00eda financiera municipal: aspectos metodol\u00f3gicos y aplicaci\u00f3n al caso de los municipios de la provincia de Mendoza\u201d.[\/vc_column_text][\/vc_column][\/vc_row]<\/p>\n","protected":false},"excerpt":{"rendered":"<p>[vc_row][vc_column css=\u00bb.vc_custom_1477767659324{background: #ededed url(https:\/\/www.mfp.econo.unlp.edu.ar\/wp-content\/uploads\/2016\/10\/header-general-lista.jpg?id=613) !important;}\u00bb][\/vc_column][\/vc_row][vc_row][vc_column css=\u00bb.vc_custom_1477776739589{background-color: #3c3c3c !important;}\u00bb][vc_column_text] SERIE DE ESTUDIOS EN FINANZAS PUBLICAS [\/vc_column_text][\/vc_column][\/vc_row][vc_row dt_row_type=\u00bbin_container\u00bb][vc_column css=\u00bb.vc_custom_1477777103090{padding-top: 40px !important;padding-right: 40px !important;padding-bottom: 0px !important;padding-left: 40px !important;background-color:&#8230;<\/p>\n<p class=\"readmore\"><a class=\"more-btn\" href=\"https:\/\/www.mfp.econo.unlp.edu.ar\/index.php\/cefip\/serie-de-estudios-en-finanzas-publicas\/\">Ver<\/a><\/p>\n","protected":false},"author":1,"featured_media":0,"parent":388,"menu_order":0,"comment_status":"closed","ping_status":"closed","template":"template-homepage.php","meta":{"jetpack_post_was_ever_published":false},"jetpack_sharing_enabled":true,"jetpack_shortlink":"https:\/\/wp.me\/P86ov1-bw","_links":{"self":[{"href":"https:\/\/www.mfp.econo.unlp.edu.ar\/index.php\/wp-json\/wp\/v2\/pages\/714"}],"collection":[{"href":"https:\/\/www.mfp.econo.unlp.edu.ar\/index.php\/wp-json\/wp\/v2\/pages"}],"about":[{"href":"https:\/\/www.mfp.econo.unlp.edu.ar\/index.php\/wp-json\/wp\/v2\/types\/page"}],"author":[{"embeddable":true,"href":"https:\/\/www.mfp.econo.unlp.edu.ar\/index.php\/wp-json\/wp\/v2\/users\/1"}],"replies":[{"embeddable":true,"href":"https:\/\/www.mfp.econo.unlp.edu.ar\/index.php\/wp-json\/wp\/v2\/comments?post=714"}],"version-history":[{"count":6,"href":"https:\/\/www.mfp.econo.unlp.edu.ar\/index.php\/wp-json\/wp\/v2\/pages\/714\/revisions"}],"predecessor-version":[{"id":1997,"href":"https:\/\/www.mfp.econo.unlp.edu.ar\/index.php\/wp-json\/wp\/v2\/pages\/714\/revisions\/1997"}],"up":[{"embeddable":true,"href":"https:\/\/www.mfp.econo.unlp.edu.ar\/index.php\/wp-json\/wp\/v2\/pages\/388"}],"wp:attachment":[{"href":"https:\/\/www.mfp.econo.unlp.edu.ar\/index.php\/wp-json\/wp\/v2\/media?parent=714"}],"curies":[{"name":"wp","href":"https:\/\/api.w.org\/{rel}","templated":true}]}}