{"id":798,"date":"2017-06-29T19:28:20","date_gmt":"2017-06-29T19:28:20","guid":{"rendered":"https:\/\/www.mfp.econo.unlp.edu.ar\/?page_id=798"},"modified":"2023-11-28T12:46:44","modified_gmt":"2023-11-28T12:46:44","slug":"seminario-federalismo","status":"publish","type":"page","link":"https:\/\/www.mfp.econo.unlp.edu.ar\/index.php\/seminario-federalismo\/","title":{"rendered":"Seminario Federalismo"},"content":{"rendered":"<p>[vc_row dt_bg_repeat=\u00bbno-repeat\u00bb][vc_column css=\u00bb.vc_custom_1498764915711{background-image: url(https:\/\/www.mfp.econo.unlp.edu.ar\/wp-content\/uploads\/2016\/10\/header-general-lista.jpg?id=613) !important;}\u00bb]<div class=\"dt-title-wrapper\"><h1 class=\"section-title\">SEMINARIO DE FEDERALISMO FISCAL<\/h1><\/div>[\/vc_column][\/vc_row][vc_row][vc_column]<div style=\"clear:both; width:100%; height:60px\"><\/div>[\/vc_column][\/vc_row][vc_row dt_row_type=\u00bbin_container\u00bb][vc_column width=\u00bb2\/3&#8243;][vc_column_text]<\/p>\n<h1>26\u00ba SEMINARIO DE FEDERALISMO FISCAL<\/h1>\n<p>[\/vc_column_text]<\/p>\n<p>[vc_column_text]<\/p>\n<p>El Seminario de Federalismo Fiscal viene desarroll\u00e1ndose anualmente desde 1996. El objetivo es tender un puente entre los acad\u00e9micos, los pol\u00edticos y los funcionarios sobre t\u00f3picos relevantes en la relaci\u00f3n fiscal e institucional entre los niveles de gobierno. El enfoque del seminario es interdisciplinario, con aportes de economistas, juristas, contadores, soci\u00f3logos, polit\u00f3logos e historiadores.<\/p>\n<p>[\/vc_column_text]<\/p>\n<p>[vc_column_text]<\/p>\n<p>La 26\u00aa edici\u00f3n del seminario se llevar\u00e1 a cabo en la Universidad de Mendoza, los d\u00edas 22 y 23 de junio de 2023. Se encuentra abierta la convocatoria a presentar trabajos para esta edici\u00f3n.<\/p>\n<p>&gt;&gt;&gt; <strong><a href=\"https:\/\/www.mfp.econo.unlp.edu.ar\/wp-content\/uploads\/2022\/12\/Call-for-papers-16-dic-2022-2.pdf\">Descargar Call For Papers 26 SFF<\/a><\/strong><\/p>\n<p>[\/vc_column_text]<\/p>\n<p>[vc_separator border_width=\u00bb3&#8243;]<\/p>\n<p>[vc_column_text]<\/p>\n<p><strong>Instituciones Organizadoras<\/strong>:<\/p>\n<p>[\/vc_column_text]<\/p>\n<p>[vc_column_text]<\/p>\n<ul>\n<li>Universidad de Mendoza<\/li>\n<li>Facultad de Ciencias Econ\u00f3micas &#8211; Universidad Nacional de La Plata<\/li>\n<li>Facultad de Ciencias Econ\u00f3micas &#8211; Universidad de Buenos Aires<\/li>\n<li>Facultad de Ciencias Econ\u00f3micas &#8211; Universidad Nacional de C\u00f3rdoba<\/li>\n<li>Facultad de Ciencias Econ\u00f3micas y Estad\u00edstica \u2013 Universidad Nacional de Rosario<\/li>\n<li>IAE &#8211; Universidad Austral<\/li>\n<li>Instituto de Federalismo &#8211; Academia Nacional de Derecho y Ciencias Sociales de C\u00f3rdoba<\/li>\n<li>Universidad Torcuato Di Tella<\/li>\n<li>Instituto de Estudios de la Realidad Argentina y Latinoamericana (IERAL) &#8211; Fundaci\u00f3n Mediterr\u00e1nea<\/li>\n<li>Asociaci\u00f3n Iberoamericana de Financiaci\u00f3n Local (AIFIL)<\/li>\n<\/ul>\n<p><strong>Mail de contacto<\/strong>:\u00a0<a href=\"mailto:seminario.federalismof@gmail.com\" target=\"_blank\" rel=\"noopener\">seminario.<wbr \/>federalismof@gmail.com<\/a><\/p>\n<p>[\/vc_column_text]<\/p>\n<p>[vc_separator border_width=\u00bb3&#8243;]<\/p>\n<p>[\/vc_column]<\/p>\n<p>[vc_column width=\u00bb1\/3&#8243;]<\/p>\n<p>[vc_separator border_width=\u00bb3&#8243;]<\/p>\n<p>[vc_column_text]<\/p>\n<h6><i class=\"fa fa-caret-right\"><\/i><strong>\u00a0<a href=\"https:\/\/um.edu.ar\/seminarios\/federalismo-fiscal\/\" target=\"_blank\" rel=\"noopener\">VIDEOS DEL 26\u00b0 SEMINARIO<\/a><\/strong><\/h6>\n<p>[\/vc_column_text]<\/p>\n<p>[vc_column_text]<\/p>\n<h6><i class=\"fa fa-caret-right\"><\/i><strong>\u00a0<a href=\"https:\/\/www.econo.unlp.edu.ar\/mfp\/25-seminario-de-federalismo-fiscal-8211\" target=\"_blank\" rel=\"noopener\">FOTOS DEL 25\u00b0 SEMINARIO<\/a><\/strong><\/h6>\n<p>[\/vc_column_text]<\/p>\n<p>[vc_column_text]<\/p>\n<h6><i class=\"fa fa-caret-right\"><\/i><strong>\u00a0<a href=\"https:\/\/drive.google.com\/drive\/folders\/17nW0JytKDLpoRcY0d1vFFajfTqRrnkWW\" target=\"_blank\" rel=\"noopener\">PRESENTACIONES DEL 25\u00b0 SEMINARIO<\/a><\/strong><\/h6>\n<p>[\/vc_column_text]<\/p>\n<p>[vc_column_text]<\/p>\n<h6><i class=\"fa fa-caret-right\"><\/i><strong>\u00a0<a href=\"http:\/\/www.depeco.econo.unlp.edu.ar\/wp\/?page_id=2454\" target=\"_blank\" rel=\"noopener\">SEMINARIOS ANTERIORES <\/a><\/strong><\/h6>\n<p>[\/vc_column_text]<\/p>\n<p>[vc_column_text]<\/p>\n<h6><i class=\"fa fa-caret-right\"><\/i><strong>\u00a0<a href=\"\/wp-content\/uploads\/2017\/07\/FEDERALISMO-2017.pdf\" target=\"_blank\" rel=\"noopener\">LIBRO \u00abLa relaci\u00f3n fiscal Naci\u00f3n-Provincias | Lo que se discute, lo que falta discutir\u00bb<\/a><\/strong><\/h6>\n<p>[\/vc_column_text]<\/p>\n<p>[vc_column_text]<\/p>\n<h6><i class=\"fa fa-caret-right\"><\/i><strong>\u00a0<a href=\"https:\/\/www.econo.unlp.edu.ar\/frontend\/media\/53\/25353\/c4004d05537d0134a9e9d20a4b488eb5.pdf\" target=\"_blank\" rel=\"noopener\">LIBRO \u00abDescentralizaci\u00f3n fiscal y reg\u00edmenes de coparticipaci\u00f3n impositiva\u00bb<\/a><\/strong><\/h6>\n<p>[\/vc_column_text]<\/p>\n<p>[vc_column_text]<\/p>\n<h6><i class=\"fa fa-caret-right\"><\/i><strong> <a href=\"https:\/\/www.mfp.econo.unlp.edu.ar\/wp-content\/uploads\/2023\/05\/FOLLETO-EDITADO-17-3.pdf\" target=\"_blank\" rel=\"noopener\">MEMORIA \u00abSeminarios de Federalismo Fiscal 1996-2022\u00bb<\/a><\/strong><\/h6>\n<p>[\/vc_column_text]<\/p>\n<p>[vc_separator border_width=\u00bb3&#8243;]<\/p>\n<p>[\/vc_column]<\/p>\n<p>[\/vc_row]<\/p>\n<p>[vc_row]<\/p>\n<p>[vc_column]<\/p>\n<div style=\"clear:both; width:100%; height:100px\"><\/div>\n<p>[\/vc_column]<\/p>\n<p>[\/vc_row]<\/p>\n","protected":false},"excerpt":{"rendered":"<p>[vc_row dt_bg_repeat=\u00bbno-repeat\u00bb][vc_column css=\u00bb.vc_custom_1498764915711{background-image: url(https:\/\/www.mfp.econo.unlp.edu.ar\/wp-content\/uploads\/2016\/10\/header-general-lista.jpg?id=613) !important;}\u00bb][\/vc_column][\/vc_row][vc_row][vc_column][\/vc_column][\/vc_row][vc_row dt_row_type=\u00bbin_container\u00bb][vc_column width=\u00bb2\/3&#8243;][vc_column_text] 26\u00ba SEMINARIO DE FEDERALISMO FISCAL [\/vc_column_text] [vc_column_text] El Seminario de Federalismo Fiscal viene desarroll\u00e1ndose anualmente desde 1996. El&#8230;<\/p>\n<p class=\"readmore\"><a class=\"more-btn\" href=\"https:\/\/www.mfp.econo.unlp.edu.ar\/index.php\/seminario-federalismo\/\">Ver<\/a><\/p>\n","protected":false},"author":1,"featured_media":0,"parent":0,"menu_order":0,"comment_status":"closed","ping_status":"closed","template":"template-homepage.php","meta":{"jetpack_post_was_ever_published":false},"jetpack_sharing_enabled":true,"jetpack_shortlink":"https:\/\/wp.me\/P86ov1-cS","_links":{"self":[{"href":"https:\/\/www.mfp.econo.unlp.edu.ar\/index.php\/wp-json\/wp\/v2\/pages\/798"}],"collection":[{"href":"https:\/\/www.mfp.econo.unlp.edu.ar\/index.php\/wp-json\/wp\/v2\/pages"}],"about":[{"href":"https:\/\/www.mfp.econo.unlp.edu.ar\/index.php\/wp-json\/wp\/v2\/types\/page"}],"author":[{"embeddable":true,"href":"https:\/\/www.mfp.econo.unlp.edu.ar\/index.php\/wp-json\/wp\/v2\/users\/1"}],"replies":[{"embeddable":true,"href":"https:\/\/www.mfp.econo.unlp.edu.ar\/index.php\/wp-json\/wp\/v2\/comments?post=798"}],"version-history":[{"count":80,"href":"https:\/\/www.mfp.econo.unlp.edu.ar\/index.php\/wp-json\/wp\/v2\/pages\/798\/revisions"}],"predecessor-version":[{"id":2081,"href":"https:\/\/www.mfp.econo.unlp.edu.ar\/index.php\/wp-json\/wp\/v2\/pages\/798\/revisions\/2081"}],"wp:attachment":[{"href":"https:\/\/www.mfp.econo.unlp.edu.ar\/index.php\/wp-json\/wp\/v2\/media?parent=798"}],"curies":[{"name":"wp","href":"https:\/\/api.w.org\/{rel}","templated":true}]}}